{"id":37,"date":"2018-03-09T20:12:11","date_gmt":"2018-03-09T19:12:11","guid":{"rendered":"http:\/\/valdupatre.com\/?page_id=37"},"modified":"2018-04-01T16:28:04","modified_gmt":"2018-04-01T14:28:04","slug":"accueil","status":"publish","type":"page","link":"http:\/\/valdupatre.com\/d\/","title":{"rendered":"Willkommen"},"content":{"rendered":"<div id='gallery-1' class='gallery galleryid-37 gallery-columns-2 gallery-size-thumbnail'><figure class='gallery-item'>\n\t\t\t<div class='gallery-icon landscape'>\n\t\t\t\t<a href='http:\/\/valdupatre.com\/d\/accueil\/autocollant\/'><img width=\"150\" height=\"150\" src=\"http:\/\/valdupatre.com\/d\/wp-content\/uploads\/sites\/2\/2018\/03\/Autocollant-150x150.jpg\" class=\"attachment-thumbnail size-thumbnail\" alt=\"\" decoding=\"async\" loading=\"lazy\" srcset=\"http:\/\/valdupatre.com\/d\/wp-content\/uploads\/sites\/2\/2018\/03\/Autocollant-150x150.jpg 150w, http:\/\/valdupatre.com\/d\/wp-content\/uploads\/sites\/2\/2018\/03\/Autocollant-100x100.jpg 100w\" sizes=\"(max-width: 150px) 100vw, 150px\" \/><\/a>\n\t\t\t<\/div><\/figure>\n\t\t<\/div>\n\n<p style=\"text-align: center;\"><strong>Derni\u00e8re minute <span style=\"color: #000000;\">:<\/span><\/strong><\/p>\n<p style=\"text-align: center;\"><strong>suite \u00e0 une annulation, le Val du P\u00e2tre <\/strong><\/p>\n<p style=\"text-align: center;\"><strong>peut accueillir un groupe scout<\/strong><\/p>\n<p style=\"text-align: center;\"><strong>entre le 6 et le 14 juillet 2018.<\/strong><\/p>\n<p style=\"text-align: center;\"><img decoding=\"async\" loading=\"lazy\" class=\"aligncenter size-full wp-image-201\" src=\"http:\/\/valdupatre.com\/wp-content\/uploads\/2018\/03\/Accueil-404-ko-940x627-1.jpg\" alt=\"\" width=\"940\" height=\"627\" \/><\/p>\n<p style=\"text-align: center;\">\n","protected":false},"excerpt":{"rendered":"<p>Derni\u00e8re minute : suite \u00e0 une annulation, le Val du P\u00e2tre peut accueillir un groupe scout entre le 6 et le 14 juillet 2018.<\/p>\n","protected":false},"author":1,"featured_media":133,"parent":0,"menu_order":1,"comment_status":"closed","ping_status":"closed","template":"template-fullwidth.php","meta":[],"_links":{"self":[{"href":"http:\/\/valdupatre.com\/d\/wp-json\/wp\/v2\/pages\/37"}],"collection":[{"href":"http:\/\/valdupatre.com\/d\/wp-json\/wp\/v2\/pages"}],"about":[{"href":"http:\/\/valdupatre.com\/d\/wp-json\/wp\/v2\/types\/page"}],"author":[{"embeddable":true,"href":"http:\/\/valdupatre.com\/d\/wp-json\/wp\/v2\/users\/1"}],"replies":[{"embeddable":true,"href":"http:\/\/valdupatre.com\/d\/wp-json\/wp\/v2\/comments?post=37"}],"version-history":[{"count":5,"href":"http:\/\/valdupatre.com\/d\/wp-json\/wp\/v2\/pages\/37\/revisions"}],"predecessor-version":[{"id":217,"href":"http:\/\/valdupatre.com\/d\/wp-json\/wp\/v2\/pages\/37\/revisions\/217"}],"wp:featuredmedia":[{"embeddable":true,"href":"http:\/\/valdupatre.com\/d\/wp-json\/wp\/v2\/media\/133"}],"wp:attachment":[{"href":"http:\/\/valdupatre.com\/d\/wp-json\/wp\/v2\/media?parent=37"}],"curies":[{"name":"wp","href":"https:\/\/api.w.org\/{rel}","templated":true}]}}