{"id":26,"date":"2018-03-09T19:57:58","date_gmt":"2018-03-09T18:57:58","guid":{"rendered":"http:\/\/valdupatre.com\/?page_id=26"},"modified":"2018-04-01T14:27:16","modified_gmt":"2018-04-01T12:27:16","slug":"que-decouvrir-aux-environs","status":"publish","type":"page","link":"http:\/\/valdupatre.com\/d\/que-decouvrir-aux-environs\/","title":{"rendered":"Die Umgebung zu entdecken"},"content":{"rendered":"<p>Verkehrs\u00e4mter, Reiseb\u00fcros und das Internet stehen zu Ihrer Verf\u00fcgung f\u00fcr Ihre Aktivit\u00e4ten w\u00e4hrend Ihres Aufenthaltes.<\/p>\n<p><strong>M\u00f6gliche Aktivit\u00e4ten in der N\u00e4he (zu Fuss oder mit Fahrrad) :<\/strong><\/p>\n<ul>\n<li>Ausflug in die Vogesen, haupts\u00e4chlich zum Petit Ballon (westlich)<\/li>\n<li>Ausflug und Entdeckung des Vall\u00e9e noble (Nord) und die Weinberge (Ost)<\/li>\n<li>Entdeckung eines Weinkellers in Soultzmatt<\/li>\n<li>Besuch der Mineralquellen Soultzmatt<\/li>\n<li>Gemeinschaft der Gemeinde des Vall\u00e9e Noble : Communaut\u00e9 de Communes de la Vall\u00e9e Noble<\/li>\n<li>Entdeckung des Florival, Tal von Guebwiller (gegen S\u00fcden)<\/li>\n<li>Endeckung des Rebengebiestes, besonders der Bollenberg (\u00f6stlich)<\/li>\n<li>Besuch des Vivarium du Moulin : vivarium du Moulin (Insekten \u2013 Spinnenmuseum)<\/li>\n<li>Reitaktivit\u00e4ten in Rouffach und Westhalten<\/li>\n<li>Schwimmb\u00e4der : Rouffach und Guebwiller<\/li>\n<\/ul>\n<p><strong>Einige, etwas weitere gelegne Aktivit\u00e4ten :<\/strong><\/p>\n<ul>\n<li>Besuch der Burg Eguisheim, Holandsbourg<\/li>\n<li>Malerische D\u00f6rfer an der Els\u00e4ssischen Weinstrasse<\/li>\n<li>Eco-Museum : Eco-mus\u00e9e d&rsquo;Alsace in Ungersheim<\/li>\n<li>Entdeckung der Altstadt in Colmar<\/li>\n<li>Unterlinden \u2013 Museum: Mus\u00e9e Unterlinden in Colmar (meistbesuchtes Museum in Frankreich nach dem Louvre)<\/li>\n<li>Haus des Naturparks des Ballon des Vosges in Munster<\/li>\n<li>Segelclub in Reiningue<\/li>\n<li>Technische Museen in Mulhouse<\/li>\n<\/ul>\n","protected":false},"excerpt":{"rendered":"<p>Verkehrs\u00e4mter, Reiseb\u00fcros und das Internet stehen zu Ihrer Verf\u00fcgung f\u00fcr Ihre Aktivit\u00e4ten w\u00e4hrend Ihres Aufenthaltes. M\u00f6gliche Aktivit\u00e4ten in der N\u00e4he (zu Fuss oder mit Fahrrad) : Ausflug in die Vogesen, haupts\u00e4chlich zum Petit Ballon (westlich) Ausflug und Entdeckung des Vall\u00e9e noble (Nord) und die Weinberge (Ost) Entdeckung eines Weinkellers in Soultzmatt Besuch der Mineralquellen Soultzmatt<a class=\"moretag\" href=\"http:\/\/valdupatre.com\/d\/que-decouvrir-aux-environs\/\"><span class=\"screen-reader-text\">En savoir plus surDie Umgebung zu entdecken<\/span>[&#8230;]<\/a><\/p>\n","protected":false},"author":1,"featured_media":0,"parent":0,"menu_order":4,"comment_status":"closed","ping_status":"closed","template":"template-fullwidth-no-title.php","meta":[],"_links":{"self":[{"href":"http:\/\/valdupatre.com\/d\/wp-json\/wp\/v2\/pages\/26"}],"collection":[{"href":"http:\/\/valdupatre.com\/d\/wp-json\/wp\/v2\/pages"}],"about":[{"href":"http:\/\/valdupatre.com\/d\/wp-json\/wp\/v2\/types\/page"}],"author":[{"embeddable":true,"href":"http:\/\/valdupatre.com\/d\/wp-json\/wp\/v2\/users\/1"}],"replies":[{"embeddable":true,"href":"http:\/\/valdupatre.com\/d\/wp-json\/wp\/v2\/comments?post=26"}],"version-history":[{"count":5,"href":"http:\/\/valdupatre.com\/d\/wp-json\/wp\/v2\/pages\/26\/revisions"}],"predecessor-version":[{"id":200,"href":"http:\/\/valdupatre.com\/d\/wp-json\/wp\/v2\/pages\/26\/revisions\/200"}],"wp:attachment":[{"href":"http:\/\/valdupatre.com\/d\/wp-json\/wp\/v2\/media?parent=26"}],"curies":[{"name":"wp","href":"https:\/\/api.w.org\/{rel}","templated":true}]}}