{"id":24,"date":"2018-03-09T19:56:59","date_gmt":"2018-03-09T18:56:59","guid":{"rendered":"http:\/\/valdupatre.com\/?page_id=24"},"modified":"2025-12-04T21:27:52","modified_gmt":"2025-12-04T20:27:52","slug":"comment-sejourner-au-val-du-patre","status":"publish","type":"page","link":"http:\/\/valdupatre.com\/d\/comment-sejourner-au-val-du-patre\/","title":{"rendered":"Wie mieten ?"},"content":{"rendered":"<p><strong>Miet \u2013 und Tarifbedingungen<\/strong><\/p>\n<p>Das Gel\u00e4nde ist nur nach schriftlicher Erlaubnis zug\u00e4nglich.<\/p>\n<p>Um diese Erlaubnis zu erhalten muss man ein Antragsformular zur Reservierung und eine vom Verantwortlichen des Camps unterschriebene Vorschrift (Hausordnung) beilegen (downloadbar am Ende dieser Seite)\u00a0: danach erhalten Sie ein von uns erstelltes Angebot, in dem wir eine Kaution in H\u00f6he von 25 % des gesch\u00e4tzten Aufenthaltspreises verlangen.<\/p>\n<p>Ihre Reservierung wird erst mit Eingang bei uns Ihres Anzahlungsschecks und bei Sie der von uns ausgestellten Erlaubnis zum Campieren.<\/p>\n<p>Kostenlose Stornierungen von Reservierungen werden bis 90 Tage vor Campbeginn akzeptiert, au\u00dfer in F\u00e4llen h\u00f6herer Gewalt.<\/p>\n<p>Die Tarife sind folgende :<br \/>\n\u00dbbernachtung pro person\u00a0 \u00a0 \u00a0 \u00a0 \u00a0 \u00a0 \u00a0 \u00a0 \u00a0 \u00a0 \u00a0 \u00a0Pfadfindergruppen\u00a0 \u00a0Andere gruppen<br \/>\nKurzer Aufenthalt (2 N\u00e4chte max.)\u00a0 \u00a0 \u00a0 \u00a0 \u00a0 \u00a0 \u00a0 \u00a0 \u00a0 4,50 euros\u00a0 \u00a0 \u00a0 \u00a0 \u00a0 \u00a0 5,00 euros<br \/>\nL\u00e4ngerer Aufenthalt (mehr als 2 N\u00e4chte)\u00a0 \u00a0 \u00a0 \u00a0 4,00 euros\u00a0 \u00a0 \u00a0 \u00a0 \u00a0 \u00a0 4,50 euros<\/p>\n<p>Abrechnung des Aufenthaltes ab der ersten bis zur letzten verbrachten Nacht auf dem Camp.<br \/>\nBei vorzeitiger Abreise, nur durch h\u00f6here Gewalt kann man einen Preisnachlass verlangen.<\/p>\n<p>F\u00fcr Bank\u00fcberweisung, ben\u00fctzen Sie bitte unser IBAN :<br \/>\nFR76 1027 8030 0700 0626 8614 007 (BIC : CMCIFR2A)<\/p>\n<p><strong>Zum downloading Vorschrift der tempor\u00e4ren Benutzung des Camps und Antrag f\u00fcr Reservierung, <a href=\"http:\/\/valdupatre.com\/d\/wp-content\/uploads\/sites\/2\/2024\/03\/reglementreservation.pdf\">hier Anclicken<\/a>.<\/strong><\/p>\n","protected":false},"excerpt":{"rendered":"<p>Miet \u2013 und Tarifbedingungen Das Gel\u00e4nde ist nur nach schriftlicher Erlaubnis zug\u00e4nglich. Um diese Erlaubnis zu erhalten muss man ein Antragsformular zur Reservierung und eine vom Verantwortlichen des Camps unterschriebene Vorschrift (Hausordnung) beilegen (downloadbar am Ende dieser Seite)\u00a0: danach erhalten Sie ein von uns erstelltes Angebot, in dem wir eine Kaution in H\u00f6he von 25<a class=\"moretag\" href=\"http:\/\/valdupatre.com\/d\/comment-sejourner-au-val-du-patre\/\"><span class=\"screen-reader-text\">En savoir plus surWie mieten ?<\/span>[&#8230;]<\/a><\/p>\n","protected":false},"author":1,"featured_media":0,"parent":0,"menu_order":3,"comment_status":"closed","ping_status":"closed","template":"template-fullwidth-no-title.php","meta":[],"_links":{"self":[{"href":"http:\/\/valdupatre.com\/d\/wp-json\/wp\/v2\/pages\/24"}],"collection":[{"href":"http:\/\/valdupatre.com\/d\/wp-json\/wp\/v2\/pages"}],"about":[{"href":"http:\/\/valdupatre.com\/d\/wp-json\/wp\/v2\/types\/page"}],"author":[{"embeddable":true,"href":"http:\/\/valdupatre.com\/d\/wp-json\/wp\/v2\/users\/1"}],"replies":[{"embeddable":true,"href":"http:\/\/valdupatre.com\/d\/wp-json\/wp\/v2\/comments?post=24"}],"version-history":[{"count":19,"href":"http:\/\/valdupatre.com\/d\/wp-json\/wp\/v2\/pages\/24\/revisions"}],"predecessor-version":[{"id":247,"href":"http:\/\/valdupatre.com\/d\/wp-json\/wp\/v2\/pages\/24\/revisions\/247"}],"wp:attachment":[{"href":"http:\/\/valdupatre.com\/d\/wp-json\/wp\/v2\/media?parent=24"}],"curies":[{"name":"wp","href":"https:\/\/api.w.org\/{rel}","templated":true}]}}